{"id":261,"date":"2016-09-12T17:56:18","date_gmt":"2016-09-12T17:56:18","guid":{"rendered":"http:\/\/server-2-67.udac.net\/wp\/?post_type=product&#038;p=261"},"modified":"2018-06-25T12:01:17","modified_gmt":"2018-06-25T11:01:17","slug":"svenska-superlux","status":"publish","type":"product","link":"https:\/\/www.bridge-shop.com\/index.php\/product\/svenska-superlux\/","title":{"rendered":"Svenska Superlux"},"content":{"rendered":"<p>Spelkort med traditionella svenska figurer av garanterat h\u00f6gsta kvalitet, l\u00e5ng h\u00e5llbarhet g\u00f6r dessa kortlekar synnerligen prisv\u00e4rda.<\/p>\n<table border=\"1\" style=\"border: 1px solid black; border-collapse: collapse;width:500px;padding:0px\">\n<tr style=\"padding:0px\">\n<th style=\"width:200px;padding:0 0 0 10px\">\n\t\t\t\tUsable with\n\t\t\t<\/th>\n<th style=\"width:300px;padding:0 0 0 10px\">\n\t\t\t\tNote\n\t\t\t<\/th>\n<\/tr>\n<tr>\n<td style=\"padding:0 0 0 10px\">\n\t\t\t\tBridgesorter (non-Prime)\n\t\t\t<\/td>\n<td style=\"padding:0 0 0 10px\">\n\t\t\t<\/td>\n<\/tr>\n<tr>\n<td style=\"padding:0 0 0 10px\">\n\t\t\t\tBridgesorter (Prime)\n\t\t\t<\/td>\n<td style=\"padding:0 0 0 10px\">\n\t\t\t\tSelect design: Grimaud_Sv\n\t\t\t<\/td>\n<\/tr>\n<\/table>\n","protected":false},"excerpt":{"rendered":"<p>Price per deck<\/p>\n","protected":false},"featured_media":1718,"comment_status":"open","ping_status":"closed","template":"","meta":[],"product_brand":[],"product_cat":[7,27],"product_tag":[],"class_list":{"0":"post-261","1":"product","2":"type-product","3":"status-publish","4":"has-post-thumbnail","6":"product_cat-playing-cards","7":"product_cat-non-barcoded-cards","8":"tm-no-options","10":"first","11":"instock","12":"taxable","13":"shipping-taxable","14":"purchasable","15":"product-type-simple"},"composite_virtual":false,"composite_layout":"","composite_add_to_cart_form_location":"","composite_editable_in_cart":false,"composite_sold_individually_context":"","composite_shop_price_calc":"","composite_components":[],"composite_scenarios":[],"group_of_quantity":10,"min_quantity":10,"max_quantity":"","exclude_order_quantity_value_rules":"no","exclude_category_quantity_rules":"no","combine_variations":"no","_links":{"self":[{"href":"https:\/\/www.bridge-shop.com\/index.php\/wp-json\/wp\/v2\/product\/261","targetHints":{"allow":["GET"]}}],"collection":[{"href":"https:\/\/www.bridge-shop.com\/index.php\/wp-json\/wp\/v2\/product"}],"about":[{"href":"https:\/\/www.bridge-shop.com\/index.php\/wp-json\/wp\/v2\/types\/product"}],"replies":[{"embeddable":true,"href":"https:\/\/www.bridge-shop.com\/index.php\/wp-json\/wp\/v2\/comments?post=261"}],"wp:featuredmedia":[{"embeddable":true,"href":"https:\/\/www.bridge-shop.com\/index.php\/wp-json\/wp\/v2\/media\/1718"}],"wp:attachment":[{"href":"https:\/\/www.bridge-shop.com\/index.php\/wp-json\/wp\/v2\/media?parent=261"}],"wp:term":[{"taxonomy":"product_brand","embeddable":true,"href":"https:\/\/www.bridge-shop.com\/index.php\/wp-json\/wp\/v2\/product_brand?post=261"},{"taxonomy":"product_cat","embeddable":true,"href":"https:\/\/www.bridge-shop.com\/index.php\/wp-json\/wp\/v2\/product_cat?post=261"},{"taxonomy":"product_tag","embeddable":true,"href":"https:\/\/www.bridge-shop.com\/index.php\/wp-json\/wp\/v2\/product_tag?post=261"}],"curies":[{"name":"wp","href":"https:\/\/api.w.org\/{rel}","templated":true}]}}